{"id":2,"date":"2024-12-30T21:33:35","date_gmt":"2024-12-30T21:33:35","guid":{"rendered":"http:\/\/radom.kontrolabiletow.eu\/?page_id=2"},"modified":"2025-12-23T10:36:57","modified_gmt":"2025-12-23T10:36:57","slug":"kontrola-biletow-w-radomiu","status":"publish","type":"page","link":"https:\/\/radom.kontrolabiletow.eu\/","title":{"rendered":"Kontrola bilet\u00f3w w Radomiu"},"content":{"rendered":"\t\t<div data-elementor-type=\"wp-page\" data-elementor-id=\"2\" class=\"elementor elementor-2\">\n\t\t\t\t<div class=\"elementor-element elementor-element-2c159e4 e-con-full e-flex e-con e-parent\" data-id=\"2c159e4\" data-element_type=\"container\">\n\t\t\t\t<div class=\"elementor-element elementor-element-38d3d94 elementor-widget elementor-widget-text-editor\" data-id=\"38d3d94\" data-element_type=\"widget\" data-widget_type=\"text-editor.default\">\n\t\t\t\t<div class=\"elementor-widget-container\">\n\t\t\t\t\t\t\t\t\t<p><span style=\"text-decoration: underline;\">UWAGA<\/span><\/p><p>W zwi\u0105zku z ko\u0144cem roku wyj\u0105tkowo 30.12 (wtorek) biuro b\u0119dzie czynne od 14:00-20:00 a w \u015brod\u0119 31.12 od 8:00-14:00<\/p>\t\t\t\t\t\t\t\t<\/div>\n\t\t\t\t<\/div>\n\t\t\t\t<\/div>\n\t\t<div class=\"elementor-element elementor-element-63040db e-flex e-con-boxed e-con e-parent\" data-id=\"63040db\" data-element_type=\"container\">\n\t\t\t\t\t<div class=\"e-con-inner\">\n\t\t\t\t<div class=\"elementor-element elementor-element-7c53392 elementor-widget elementor-widget-spacer\" data-id=\"7c53392\" data-element_type=\"widget\" data-widget_type=\"spacer.default\">\n\t\t\t\t<div class=\"elementor-widget-container\">\n\t\t\t\t\t\t\t<div class=\"elementor-spacer\">\n\t\t\t<div class=\"elementor-spacer-inner\"><\/div>\n\t\t<\/div>\n\t\t\t\t\t\t<\/div>\n\t\t\t\t<\/div>\n\t\t\t\t\t<\/div>\n\t\t\t\t<\/div>\n\t\t<div class=\"elementor-element elementor-element-1342a15 e-grid e-con-full e-con e-parent\" data-id=\"1342a15\" data-element_type=\"container\">\n\t\t\t\t<div class=\"elementor-element elementor-element-15d3f06 elementor-widget elementor-widget-text-editor\" data-id=\"15d3f06\" data-element_type=\"widget\" data-widget_type=\"text-editor.default\">\n\t\t\t\t<div class=\"elementor-widget-container\">\n\t\t\t\t\t\t\t\t\t<p><strong>Godziny otwarcia biura (obs\u0142ugi interesant\u00f3w):<\/strong><\/p><p>poniedzia\u0142ek\u00a0 14:00 &#8211; 20:00<\/p><p>wtorek\u00a0 8:00 &#8211; 14:00<\/p><p>\u015broda\u00a0 \u00a014:00 &#8211; 20:00<\/p><p>czwartek\u00a0 8:00 &#8211; 14:00<\/p><p>pi\u0105tek\u00a0 8:00 &#8211; 14:00<\/p>\t\t\t\t\t\t\t\t<\/div>\n\t\t\t\t<\/div>\n\t\t\t\t<div class=\"elementor-element elementor-element-86c7024 elementor-widget elementor-widget-text-editor\" data-id=\"86c7024\" data-element_type=\"widget\" data-widget_type=\"text-editor.default\">\n\t\t\t\t<div class=\"elementor-widget-container\">\n\t\t\t\t\t\t\t\t\t<p><strong>Adres siedziby :<\/strong><\/p><p><strong>RWR Sp. z o.o. &#8211; <\/strong><strong>Oddzia\u0142 Radom<\/strong> <br \/>ul. Kielecka 23 <br \/>26-601 Radom<\/p><p><span style=\"color: var( --e-global-color-text ); font-family: var( --e-global-typography-text-font-family ), Sans-serif; font-weight: var( --e-global-typography-text-font-weight ); text-align: var(--text-align);\"><strong>email:\u00a0<\/strong> reklamacje@radom.kontrolabiletow.eu<\/span><\/p>\t\t\t\t\t\t\t\t<\/div>\n\t\t\t\t<\/div>\n\t\t\t\t<\/div>\n\t\t<div class=\"elementor-element elementor-element-8e86361 e-grid e-con-full e-con e-parent\" data-id=\"8e86361\" data-element_type=\"container\">\n\t\t\t\t<div class=\"elementor-element elementor-element-3993632 elementor-widget elementor-widget-text-editor\" data-id=\"3993632\" data-element_type=\"widget\" data-widget_type=\"text-editor.default\">\n\t\t\t\t<div class=\"elementor-widget-container\">\n\t\t\t\t\t\t\t\t\t<p><strong>Dokumenty do pobrania:<\/strong><\/p><ul><li><a href=\"http:\/\/radom.kontrolabiletow.eu\/wp-content\/uploads\/2025\/01\/WNIOREK-o-anulowanie-wezwania-do-zaplaty-przywrocenie-oplaty-manipulacyjnej-przywrocenie-oplaty-z-bonifikata.pdf\" target=\"_blank\" rel=\"noopener\">Wniosek o anulowanie wezwania do zap\u0142aty, przywr\u00f3cenie op\u0142aty manipulacyjnej, przywr\u00f3cenie op\u0142aty z bonifikat\u0105.<\/a><\/li><li><a href=\"http:\/\/radom.kontrolabiletow.eu\/wp-content\/uploads\/2025\/01\/Skarga-na-kontrolera.pdf\" target=\"_blank\" rel=\"noopener\">Skarga na kontrolera<\/a><\/li><li><a href=\"http:\/\/radom.kontrolabiletow.eu\/wp-content\/uploads\/2025\/01\/Wzor-legitymacji-kontrolera.pdf\" target=\"_blank\" rel=\"noopener\">Wz\u00f3r legitymacji kontrolera<\/a><\/li><li><a href=\"http:\/\/radom.kontrolabiletow.eu\/wp-content\/uploads\/2025\/01\/oplaty-za-przewozy.pdf\" target=\"_blank\" rel=\"noopener\">Op\u0142aty za przewozy<\/a><\/li><li><a href=\"http:\/\/radom.kontrolabiletow.eu\/wp-content\/uploads\/2025\/01\/Oplaty-dodatkowe.pdf\">Op\u0142aty dodatkowe<\/a><\/li><li><a href=\"http:\/\/radom.kontrolabiletow.eu\/wp-content\/uploads\/2025\/01\/Uprawnienia-do-przejazdow-bezplatnych-i-ulgowych.pdf\" target=\"_blank\" rel=\"noopener\">Uprawnienia do przejazd\u00f3w bezp\u0142atnych i ulgowych<\/a><\/li><li><a href=\"http:\/\/radom.kontrolabiletow.eu\/wp-content\/uploads\/2025\/01\/Regulamin-przewozu.pdf\" target=\"_blank\" rel=\"noopener\">Regulamin przewozu<\/a><\/li><li><a href=\"http:\/\/radom.kontrolabiletow.eu\/wp-content\/uploads\/2025\/01\/Przepisy-podzadkowe.pdf\" target=\"_blank\" rel=\"noopener\">Przepisy porz\u0105dkowe<\/a><\/li><li><a href=\"http:\/\/radom.kontrolabiletow.eu\/wp-content\/uploads\/2025\/01\/Kasowanie-i-kontrola.pdf\" target=\"_blank\" rel=\"noopener\">Kasowanie i kontrola<\/a><\/li><\/ul>\t\t\t\t\t\t\t\t<\/div>\n\t\t\t\t<\/div>\n\t\t\t\t<div class=\"elementor-element elementor-element-34a4d49 elementor-widget elementor-widget-google_maps\" data-id=\"34a4d49\" data-element_type=\"widget\" data-widget_type=\"google_maps.default\">\n\t\t\t\t<div class=\"elementor-widget-container\">\n\t\t\t\t\t\t\t<div class=\"elementor-custom-embed\">\n\t\t\t<iframe loading=\"lazy\"\n\t\t\t\t\tsrc=\"https:\/\/maps.google.com\/maps?q=Radom%2C%20Kielecka%2023&#038;t=m&#038;z=12&#038;output=embed&#038;iwloc=near\"\n\t\t\t\t\ttitle=\"Radom, Kielecka 23\"\n\t\t\t\t\taria-label=\"Radom, Kielecka 23\"\n\t\t\t><\/iframe>\n\t\t<\/div>\n\t\t\t\t\t\t<\/div>\n\t\t\t\t<\/div>\n\t\t\t\t<\/div>\n\t\t\t\t<\/div>\n\t\t","protected":false},"excerpt":{"rendered":"<p>UWAGA W zwi\u0105zku z ko\u0144cem roku wyj\u0105tkowo 30.12 (wtorek) biuro b\u0119dzie czynne od 14:00-20:00 a w \u015brod\u0119 31.12 od 8:00-14:00 Godziny otwarcia biura (obs\u0142ugi interesant\u00f3w):&hellip;<\/p>\n","protected":false},"author":1,"featured_media":0,"parent":0,"menu_order":0,"comment_status":"closed","ping_status":"closed","template":"elementor_header_footer","meta":{"footnotes":""},"class_list":["post-2","page","type-page","status-publish","hentry"],"_links":{"self":[{"href":"https:\/\/radom.kontrolabiletow.eu\/index.php?rest_route=\/wp\/v2\/pages\/2","targetHints":{"allow":["GET"]}}],"collection":[{"href":"https:\/\/radom.kontrolabiletow.eu\/index.php?rest_route=\/wp\/v2\/pages"}],"about":[{"href":"https:\/\/radom.kontrolabiletow.eu\/index.php?rest_route=\/wp\/v2\/types\/page"}],"author":[{"embeddable":true,"href":"https:\/\/radom.kontrolabiletow.eu\/index.php?rest_route=\/wp\/v2\/users\/1"}],"replies":[{"embeddable":true,"href":"https:\/\/radom.kontrolabiletow.eu\/index.php?rest_route=%2Fwp%2Fv2%2Fcomments&post=2"}],"version-history":[{"count":95,"href":"https:\/\/radom.kontrolabiletow.eu\/index.php?rest_route=\/wp\/v2\/pages\/2\/revisions"}],"predecessor-version":[{"id":173,"href":"https:\/\/radom.kontrolabiletow.eu\/index.php?rest_route=\/wp\/v2\/pages\/2\/revisions\/173"}],"wp:attachment":[{"href":"https:\/\/radom.kontrolabiletow.eu\/index.php?rest_route=%2Fwp%2Fv2%2Fmedia&parent=2"}],"curies":[{"name":"wp","href":"https:\/\/api.w.org\/{rel}","templated":true}]}}